{"id":1500,"date":"2020-12-10T20:43:31","date_gmt":"2020-12-10T20:43:31","guid":{"rendered":"https:\/\/dmr.datema.de\/christine-bozler-kiessling-m-a\/"},"modified":"2023-10-25T10:01:10","modified_gmt":"2023-10-25T10:01:10","slug":"christine-bozler-kiessling-m-a","status":"publish","type":"page","link":"https:\/\/dioezesanmuseum-rottenburg.de\/en\/christine-bozler-kiessling-m-a\/","title":{"rendered":"Christine Bozler-Kie\u00dfling M. A."},"content":{"rendered":"<div class=\"wpb-content-wrapper\"><p>[vc_row][vc_column width=&#8221;1\/1&#8243;][vc_column_text uncode_shortcode_id=&#8221;101124&#8243;]<\/p>\n<h3>Publications<\/h3>\n<h4>Editorships<\/h4>\n<p><a href=\"https:\/\/shop.verlagsgruppe-patmos.de\/vulnerable-401572.html\" target=\"_blank\" rel=\"noopener\">Vulnerable. Kunstwettbewerb der Di\u00f6zese Rottenburg-Stuttgart 2021\/22<\/a> (= Participare. Schriften des Di\u00f6zesanmuseums Rottenburg, Bd. 12), Ostfildern 2022.<\/p>\n<h4>Articles<\/h4>\n<p>Bozler-Kie\u00dfling, Christine (2015): Das Schwei\u00dftuch der Veronika \u2013 Das wahre Antlitz Christi? In: Katholisches Sonntagsblatt, Ausgabe 31\/32, S. 46.<\/p>\n<p>Bozler-Kie\u00dfling (2015): Horber Johannessch\u00fcssel &#8211; Das Haupt in der Schale. In: Katholisches Sonntagsblatt, Ausgabe 44, S. 38.<\/p>\n<p>Bozler-Kie\u00dfling, Christine (2016): Der Pelikan als Sinnbild christlicher N\u00e4chstenliebe &#8211; Vom Eselsschreier zum Christussymbol. In: Katholisches Sonntagsblatt, Ausgabe 47, 2016, S. 38f.<\/p>\n<p>Bozler-Kie\u00dfling, Christine (2019): Bilder von den vier letzten Dingen. \u00bbdas erst der Todt\u00ab als stete Mahnung. In: Katholisches Sonntagsblatt, Ausgabe 47, S. 38.<\/p>\n<p>Prange, Melanie; Bozler-Kie\u00dfling, Christine: Geistliches und kulturelles Erbe bewahren. Kunstinventarisierung in der Di\u00f6zese Rottenburg-Stuttgart. In: Kunstverein, Di\u00f6zesanmuseum und Bisch\u00f6fliches Bauamt der Di\u00f6zese Rottenburg-Stuttgart (Hg.): Heilige Kunst 2018\/2019 (Jg. 41). Ostfildern, 2020. S. 178-183.<\/p>\n<p>Bozler-Kie\u00dfling, Christine: Exemplarische Erfassung: Heilig-Kreuz-M\u00fcnster Schw\u00e4bisch Gm\u00fcnd. Zwischenbericht. In: Kunstverein, Di\u00f6zesanmuseum und Bisch\u00f6fliches Bauamt der Di\u00f6zese Rottenburg-Stuttgart (Hg.): Heilige Kunst 2018\/2019 (Jg. 41). Ostfildern, 2020. S. 200-202.<\/p>\n<p>W\u00fcrdigung, mit <a href=\"https:\/\/dioezesanmuseum-rottenburg.de\/en\/diocesan-conservator-dr-phil-melanie-prange\/\">Melanie Prange<\/a>, in: <a href=\"https:\/\/shop.verlagsgruppe-patmos.de\/vulnerable-401572.html\" target=\"_blank\" rel=\"noopener\">Vulnerable. Kunstwettbewerb der Di\u00f6zese Rottenburg-Stuttgart 2021\/22<\/a> (= Participare. Schriften des Di\u00f6zesanmuseums Rottenburg, Bd. 12), Ostfildern 2022, S. 113\u2013116.[\/vc_column_text][\/vc_column][\/vc_row]<\/p>\n<\/div>","protected":false},"excerpt":{"rendered":"<p><b>Scientific assistant<\/b><\/p>\n<p>Phone: +49 (0) 7472 922-306<br \/>\ncbozlerkiessling@bo.drs.de<\/p>\n","protected":false},"author":1,"featured_media":1016,"parent":0,"menu_order":9,"comment_status":"closed","ping_status":"closed","template":"","meta":{"_acf_changed":false,"footnotes":""},"class_list":["post-1500","page","type-page","status-publish","has-post-thumbnail","hentry","page_category-mitarbeiter-en"],"acf":[],"_links":{"self":[{"href":"https:\/\/dioezesanmuseum-rottenburg.de\/en\/wp-json\/wp\/v2\/pages\/1500","targetHints":{"allow":["GET"]}}],"collection":[{"href":"https:\/\/dioezesanmuseum-rottenburg.de\/en\/wp-json\/wp\/v2\/pages"}],"about":[{"href":"https:\/\/dioezesanmuseum-rottenburg.de\/en\/wp-json\/wp\/v2\/types\/page"}],"author":[{"embeddable":true,"href":"https:\/\/dioezesanmuseum-rottenburg.de\/en\/wp-json\/wp\/v2\/users\/1"}],"replies":[{"embeddable":true,"href":"https:\/\/dioezesanmuseum-rottenburg.de\/en\/wp-json\/wp\/v2\/comments?post=1500"}],"version-history":[{"count":0,"href":"https:\/\/dioezesanmuseum-rottenburg.de\/en\/wp-json\/wp\/v2\/pages\/1500\/revisions"}],"wp:featuredmedia":[{"embeddable":true,"href":"https:\/\/dioezesanmuseum-rottenburg.de\/en\/wp-json\/wp\/v2\/media\/1016"}],"wp:attachment":[{"href":"https:\/\/dioezesanmuseum-rottenburg.de\/en\/wp-json\/wp\/v2\/media?parent=1500"}],"curies":[{"name":"wp","href":"https:\/\/api.w.org\/{rel}","templated":true}]}}